{"id":3891,"date":"2024-07-11T17:01:04","date_gmt":"2024-07-11T21:01:04","guid":{"rendered":"https:\/\/booking.santiagoregion.com\/producto\/private-city-tour-2-options-concha-y-toro-winery-bahai-temple\/"},"modified":"2025-06-19T14:41:11","modified_gmt":"2025-06-19T18:41:11","slug":"private-city-tour-2-options-concha-y-toro-winery-bahai-temple","status":"publish","type":"product","link":"https:\/\/booking.santiagoregion.com\/en\/producto\/private-city-tour-2-options-concha-y-toro-winery-bahai-temple\/","title":{"rendered":"Private City Tour 2 options: Concha y Toro Winery \/ Bahai Temple"},"content":{"rendered":"<p>Full day excursion beginning with <strong>City Tour contrastes de oriente a poniente<\/strong>. You will get to know the different sectors of Santiago de Chile, mainly the historic center and the heritage neighborhoods and then the most modern sector of the city. Includes <strong>lunch at a restaurant <\/strong> specializing in typical Chilo\u00e9 food, an island in the south of Chile, known for its appreciated and tasty gastronomy. After lunch the passenger can choose between these <strong>2 options<\/strong>:<\/p>\n<h2>Vi\u00f1a Concha y Toro.<\/h2>\n<p>Wine tourism lovers can visit one of the most recognized wine brands in the world. Its wines are present in the most important markets of the five continents. The legend of the Casillero del Diablo is famous and has contributed to consolidate the brand at an international level.<br \/>\nIncludes: Private transportation, bilingual guide, lunch, tour with tasting in the vineyard.<\/p>\n<h2>Templo Bah\u00e1&#8217;\u00ed<\/h2>\n<p>For those who want to have a more spiritual afternoon, we will visit the Baha\u00ed South America temple, an important architectural work and spiritual monument of this religion. Anyone wishing to visit his temple for the purpose of prayer and reflection in his facilities is welcome to do so. It is surrounded by a beautiful landscape and has an impressive panoramic view of the central valley (Santiago).<\/p>\n<h2>Itinerary City tour + Lunch and Concha y toro.<\/h2>\n<p>8:30 am departure from the hotel<br \/>\n9:10 am visit to the Paris &#8211; London neighborhood<br \/>\n9:45 am Visit to La Moneda Palace<br \/>\n10:30 am visit Plaza de Armas<br \/>\n11:30 am Cerro Santa Lucia<br \/>\n12:30 pm Cerro San Cristobal (cable car, Metropolitan Park).<br \/>\n13:30 pm Lunch at Restaurant Chilo\u00e9 en tu mesa or other typical food restaurant.<br \/>\n16:00 pm <strong>Tour with tasting at Concha y toro Winery<\/strong><br \/>\n18:30 pm Arrival at the hotel, end of our services.<\/p>\n<h2>Itinerary City tour + Lunch and Bahai Temple South America.<\/h2>\n<p>8:30 am departure from the hotel<br \/>\n9:10 am visit to the Paris &#8211; London neighborhood<br \/>\n9:45 am Visit to La Moneda Palace<br \/>\n10:30 am visit Plaza de Armas<br \/>\n11:30 am Cerro Santa Lucia<br \/>\n12:30 pm San Cristobal Hill<br \/>\n13:30 pm Lunch at Restaurant Chilo\u00e9 en tu mesa or other typical food restaurant.<br \/>\n15:20 pm <strong>Visit Bahai temple<\/strong><br \/>\n16:45 pm <strong>Visit to the Pueblito Los Dominicos Handicrafts Fair<\/strong>.<br \/>\n17:10 pm Return to hotel<br \/>\n18:00 pm End of our services.<\/p>\n<p>Price<\/p>\n<p>1 $245.000 or US $288 per person<br \/>\n2 $155.000 or US $182 per person<br \/>\n3 $140.000 or US $163 per person<br \/>\n4 or more $110.000 or US $129 per person<\/p>\n<section id=\"main\">\n<section id=\"page-content\" class=\"sidebar-layout\">\n<div class=\"container\">\n<div class=\"columns-wrapper sb-left\">\n<section id=\"main-content\" class=\"three-fourths columns page-right-col\">\n<div class=\"full-width columns\">\n<p><strong>Includes: Private transportation, bilingual guide, lunch, mineral water.<\/strong><\/p>\n<\/div>\n<\/section>\n<\/div>\n<\/div>\n<\/section>\n<\/section>\n<p>Note: please note that the tour is &#8220;private&#8221; so the schedule may vary depending on your preferences. Once the reservation is made and the coordinator contacts you, you can check with the coordinator to see if you want to make any changes.<\/p>\n","protected":false},"excerpt":{"rendered":"<p>Excursion with private guide through the best of the city of Santiago (Chile). We pick you up at your hotel in downtown Santiago and show you everything you need to know.<\/p>\n","protected":false},"featured_media":3887,"template":"","meta":[],"product_brand":[],"product_cat":[54,50,51],"product_tag":[],"class_list":{"0":"post-3891","1":"product","2":"type-product","3":"status-publish","4":"has-post-thumbnail","6":"product_cat-full-day-tour-en","7":"product_cat-private-tour","8":"product_cat-tours-in-santiago","10":"first","11":"instock","12":"virtual","13":"sold-individually","14":"taxable","15":"purchasable","16":"product-type-booking"},"yoast_head":"<!-- This site is optimized with the Yoast SEO Premium plugin v18.5 (Yoast SEO v25.2) - https:\/\/yoast.com\/wordpress\/plugins\/seo\/ -->\n<title>Full Day private City Tour of Santiago with 2 options Vi\u00f1a Concha y toro\/Templo Bahai<\/title>\n<meta name=\"description\" content=\"Wine tourism lovers can visit one of the most recognized wine brands in the world. Its wines are present in the most important markets of the five continents. It is famous for its legend of the Casillero del Diablo, which has contributed to consolidate the brand at international level. Includes: Private transportation, bilingual guide, lunch, tour with tasting in the winery. Para quienes quieran tener una tarde m\u00e1s espiritual, visitaremos el templo Baha\u00ed Sudam\u00e9rica\" \/>\n<meta name=\"robots\" content=\"index, follow, max-snippet:-1, max-image-preview:large, max-video-preview:-1\" \/>\n<link rel=\"canonical\" href=\"https:\/\/booking.santiagoregion.com\/en\/producto\/private-city-tour-2-options-concha-y-toro-winery-bahai-temple\/\" \/>\n<meta property=\"og:locale\" content=\"en_US\" \/>\n<meta property=\"og:type\" content=\"article\" \/>\n<meta property=\"og:title\" content=\"Private City Tour 2 options: Concha y Toro Winery \/ Bahai Temple\" \/>\n<meta property=\"og:description\" content=\"Wine tourism lovers can visit one of the most recognized wine brands in the world. Its wines are present in the most important markets of the five continents. It is famous for its legend of the Casillero del Diablo, which has contributed to consolidate the brand at international level. Includes: Private transportation, bilingual guide, lunch, tour with tasting in the winery. Para quienes quieran tener una tarde m\u00e1s espiritual, visitaremos el templo Baha\u00ed Sudam\u00e9rica\" \/>\n<meta property=\"og:url\" content=\"https:\/\/booking.santiagoregion.com\/en\/producto\/private-city-tour-2-options-concha-y-toro-winery-bahai-temple\/\" \/>\n<meta property=\"og:site_name\" content=\"Booking Santiago Regi\u00f3n\" \/>\n<meta property=\"article:modified_time\" content=\"2025-06-19T18:41:11+00:00\" \/>\n<meta property=\"og:image\" content=\"https:\/\/booking.santiagoregion.com\/wp-content\/uploads\/2024\/07\/Tour-al-templo-Ba-Hai-desde-Santiago.jpg\" \/>\n\t<meta property=\"og:image:width\" content=\"1300\" \/>\n\t<meta property=\"og:image:height\" content=\"867\" \/>\n\t<meta property=\"og:image:type\" content=\"image\/jpeg\" \/>\n<meta name=\"twitter:card\" content=\"summary_large_image\" \/>\n<script type=\"application\/ld+json\" class=\"yoast-schema-graph\">{\"@context\":\"https:\/\/schema.org\",\"@graph\":[{\"@type\":\"WebPage\",\"@id\":\"https:\/\/booking.santiagoregion.com\/en\/producto\/private-city-tour-2-options-concha-y-toro-winery-bahai-temple\/\",\"url\":\"https:\/\/booking.santiagoregion.com\/en\/producto\/private-city-tour-2-options-concha-y-toro-winery-bahai-temple\/\",\"name\":\"Full Day private City Tour of Santiago with 2 options Vi\u00f1a Concha y toro\/Templo Bahai\",\"isPartOf\":{\"@id\":\"https:\/\/booking.santiagoregion.com\/en\/#website\"},\"primaryImageOfPage\":{\"@id\":\"https:\/\/booking.santiagoregion.com\/en\/producto\/private-city-tour-2-options-concha-y-toro-winery-bahai-temple\/#primaryimage\"},\"image\":{\"@id\":\"https:\/\/booking.santiagoregion.com\/en\/producto\/private-city-tour-2-options-concha-y-toro-winery-bahai-temple\/#primaryimage\"},\"thumbnailUrl\":\"https:\/\/booking.santiagoregion.com\/wp-content\/uploads\/2024\/07\/Tour-al-templo-Ba-Hai-desde-Santiago.jpg\",\"datePublished\":\"2024-07-11T21:01:04+00:00\",\"dateModified\":\"2025-06-19T18:41:11+00:00\",\"description\":\"Wine tourism lovers can visit one of the most recognized wine brands in the world. Its wines are present in the most important markets of the five continents. It is famous for its legend of the Casillero del Diablo, which has contributed to consolidate the brand at international level. Includes: Private transportation, bilingual guide, lunch, tour with tasting in the winery. Para quienes quieran tener una tarde m\u00e1s espiritual, visitaremos el templo Baha\u00ed Sudam\u00e9rica\",\"breadcrumb\":{\"@id\":\"https:\/\/booking.santiagoregion.com\/en\/producto\/private-city-tour-2-options-concha-y-toro-winery-bahai-temple\/#breadcrumb\"},\"inLanguage\":\"en-US\",\"potentialAction\":[{\"@type\":\"ReadAction\",\"target\":[\"https:\/\/booking.santiagoregion.com\/en\/producto\/private-city-tour-2-options-concha-y-toro-winery-bahai-temple\/\"]}]},{\"@type\":\"ImageObject\",\"inLanguage\":\"en-US\",\"@id\":\"https:\/\/booking.santiagoregion.com\/en\/producto\/private-city-tour-2-options-concha-y-toro-winery-bahai-temple\/#primaryimage\",\"url\":\"https:\/\/booking.santiagoregion.com\/wp-content\/uploads\/2024\/07\/Tour-al-templo-Ba-Hai-desde-Santiago.jpg\",\"contentUrl\":\"https:\/\/booking.santiagoregion.com\/wp-content\/uploads\/2024\/07\/Tour-al-templo-Ba-Hai-desde-Santiago.jpg\",\"width\":1300,\"height\":867},{\"@type\":\"BreadcrumbList\",\"@id\":\"https:\/\/booking.santiagoregion.com\/en\/producto\/private-city-tour-2-options-concha-y-toro-winery-bahai-temple\/#breadcrumb\",\"itemListElement\":[{\"@type\":\"ListItem\",\"position\":1,\"name\":\"Portada\",\"item\":\"https:\/\/booking.santiagoregion.com\/en\/\"},{\"@type\":\"ListItem\",\"position\":2,\"name\":\"Products\",\"item\":\"https:\/\/booking.santiagoregion.com\/en\/shop\/\"},{\"@type\":\"ListItem\",\"position\":3,\"name\":\"Private City Tour 2 options: Concha y Toro Winery \/ Bahai Temple\"}]},{\"@type\":\"WebSite\",\"@id\":\"https:\/\/booking.santiagoregion.com\/en\/#website\",\"url\":\"https:\/\/booking.santiagoregion.com\/en\/\",\"name\":\"Booking Santiago Regi\u00f3n\",\"description\":\"Tours y Excursiones en Santiago y alrededores\",\"publisher\":{\"@id\":\"https:\/\/booking.santiagoregion.com\/en\/#organization\"},\"potentialAction\":[{\"@type\":\"SearchAction\",\"target\":{\"@type\":\"EntryPoint\",\"urlTemplate\":\"https:\/\/booking.santiagoregion.com\/en\/?s={search_term_string}\"},\"query-input\":{\"@type\":\"PropertyValueSpecification\",\"valueRequired\":true,\"valueName\":\"search_term_string\"}}],\"inLanguage\":\"en-US\"},{\"@type\":[\"Organization\",\"Place\"],\"@id\":\"https:\/\/booking.santiagoregion.com\/en\/#organization\",\"name\":\"Santiago Regi\u00f3n Chile\",\"url\":\"https:\/\/booking.santiagoregion.com\/en\/\",\"logo\":{\"@id\":\"https:\/\/booking.santiagoregion.com\/en\/producto\/private-city-tour-2-options-concha-y-toro-winery-bahai-temple\/#local-main-organization-logo\"},\"image\":{\"@id\":\"https:\/\/booking.santiagoregion.com\/en\/producto\/private-city-tour-2-options-concha-y-toro-winery-bahai-temple\/#local-main-organization-logo\"},\"telephone\":[],\"openingHoursSpecification\":[{\"@type\":\"OpeningHoursSpecification\",\"dayOfWeek\":[\"Monday\",\"Tuesday\",\"Wednesday\",\"Thursday\",\"Friday\",\"Saturday\",\"Sunday\"],\"opens\":\"09:00\",\"closes\":\"17:00\"}]},{\"@type\":\"ImageObject\",\"inLanguage\":\"en-US\",\"@id\":\"https:\/\/booking.santiagoregion.com\/en\/producto\/private-city-tour-2-options-concha-y-toro-winery-bahai-temple\/#local-main-organization-logo\",\"url\":\"https:\/\/booking.santiagoregion.com\/wp-content\/uploads\/2020\/12\/cropped-logo.png\",\"contentUrl\":\"https:\/\/booking.santiagoregion.com\/wp-content\/uploads\/2020\/12\/cropped-logo.png\",\"width\":512,\"height\":512,\"caption\":\"Santiago Regi\u00f3n Chile\"}]}<\/script>\n<meta property=\"product:price:amount\" content=\"0\" \/>\n<meta property=\"product:price:currency\" content=\"CLP\" \/>\n<meta property=\"og:availability\" content=\"instock\" \/>\n<meta property=\"product:availability\" content=\"instock\" \/>\n<meta property=\"product:condition\" content=\"new\" \/>\n<meta name=\"geo.region\" content=\"Chile\" \/>\n<!-- \/ Yoast SEO Premium plugin. -->","yoast_head_json":{"title":"Full Day private City Tour of Santiago with 2 options Vi\u00f1a Concha y toro\/Templo Bahai","description":"Wine tourism lovers can visit one of the most recognized wine brands in the world. Its wines are present in the most important markets of the five continents. It is famous for its legend of the Casillero del Diablo, which has contributed to consolidate the brand at international level. Includes: Private transportation, bilingual guide, lunch, tour with tasting in the winery. Para quienes quieran tener una tarde m\u00e1s espiritual, visitaremos el templo Baha\u00ed Sudam\u00e9rica","robots":{"index":"index","follow":"follow","max-snippet":"max-snippet:-1","max-image-preview":"max-image-preview:large","max-video-preview":"max-video-preview:-1"},"canonical":"https:\/\/booking.santiagoregion.com\/en\/producto\/private-city-tour-2-options-concha-y-toro-winery-bahai-temple\/","og_locale":"en_US","og_type":"article","og_title":"Private City Tour 2 options: Concha y Toro Winery \/ Bahai Temple","og_description":"Wine tourism lovers can visit one of the most recognized wine brands in the world. Its wines are present in the most important markets of the five continents. It is famous for its legend of the Casillero del Diablo, which has contributed to consolidate the brand at international level. Includes: Private transportation, bilingual guide, lunch, tour with tasting in the winery. Para quienes quieran tener una tarde m\u00e1s espiritual, visitaremos el templo Baha\u00ed Sudam\u00e9rica","og_url":"https:\/\/booking.santiagoregion.com\/en\/producto\/private-city-tour-2-options-concha-y-toro-winery-bahai-temple\/","og_site_name":"Booking Santiago Regi\u00f3n","article_modified_time":"2025-06-19T18:41:11+00:00","og_image":[{"width":1300,"height":867,"url":"https:\/\/booking.santiagoregion.com\/wp-content\/uploads\/2024\/07\/Tour-al-templo-Ba-Hai-desde-Santiago.jpg","type":"image\/jpeg"}],"twitter_card":"summary_large_image","schema":{"@context":"https:\/\/schema.org","@graph":[{"@type":"WebPage","@id":"https:\/\/booking.santiagoregion.com\/en\/producto\/private-city-tour-2-options-concha-y-toro-winery-bahai-temple\/","url":"https:\/\/booking.santiagoregion.com\/en\/producto\/private-city-tour-2-options-concha-y-toro-winery-bahai-temple\/","name":"Full Day private City Tour of Santiago with 2 options Vi\u00f1a Concha y toro\/Templo Bahai","isPartOf":{"@id":"https:\/\/booking.santiagoregion.com\/en\/#website"},"primaryImageOfPage":{"@id":"https:\/\/booking.santiagoregion.com\/en\/producto\/private-city-tour-2-options-concha-y-toro-winery-bahai-temple\/#primaryimage"},"image":{"@id":"https:\/\/booking.santiagoregion.com\/en\/producto\/private-city-tour-2-options-concha-y-toro-winery-bahai-temple\/#primaryimage"},"thumbnailUrl":"https:\/\/booking.santiagoregion.com\/wp-content\/uploads\/2024\/07\/Tour-al-templo-Ba-Hai-desde-Santiago.jpg","datePublished":"2024-07-11T21:01:04+00:00","dateModified":"2025-06-19T18:41:11+00:00","description":"Wine tourism lovers can visit one of the most recognized wine brands in the world. Its wines are present in the most important markets of the five continents. It is famous for its legend of the Casillero del Diablo, which has contributed to consolidate the brand at international level. Includes: Private transportation, bilingual guide, lunch, tour with tasting in the winery. Para quienes quieran tener una tarde m\u00e1s espiritual, visitaremos el templo Baha\u00ed Sudam\u00e9rica","breadcrumb":{"@id":"https:\/\/booking.santiagoregion.com\/en\/producto\/private-city-tour-2-options-concha-y-toro-winery-bahai-temple\/#breadcrumb"},"inLanguage":"en-US","potentialAction":[{"@type":"ReadAction","target":["https:\/\/booking.santiagoregion.com\/en\/producto\/private-city-tour-2-options-concha-y-toro-winery-bahai-temple\/"]}]},{"@type":"ImageObject","inLanguage":"en-US","@id":"https:\/\/booking.santiagoregion.com\/en\/producto\/private-city-tour-2-options-concha-y-toro-winery-bahai-temple\/#primaryimage","url":"https:\/\/booking.santiagoregion.com\/wp-content\/uploads\/2024\/07\/Tour-al-templo-Ba-Hai-desde-Santiago.jpg","contentUrl":"https:\/\/booking.santiagoregion.com\/wp-content\/uploads\/2024\/07\/Tour-al-templo-Ba-Hai-desde-Santiago.jpg","width":1300,"height":867},{"@type":"BreadcrumbList","@id":"https:\/\/booking.santiagoregion.com\/en\/producto\/private-city-tour-2-options-concha-y-toro-winery-bahai-temple\/#breadcrumb","itemListElement":[{"@type":"ListItem","position":1,"name":"Portada","item":"https:\/\/booking.santiagoregion.com\/en\/"},{"@type":"ListItem","position":2,"name":"Products","item":"https:\/\/booking.santiagoregion.com\/en\/shop\/"},{"@type":"ListItem","position":3,"name":"Private City Tour 2 options: Concha y Toro Winery \/ Bahai Temple"}]},{"@type":"WebSite","@id":"https:\/\/booking.santiagoregion.com\/en\/#website","url":"https:\/\/booking.santiagoregion.com\/en\/","name":"Booking Santiago Regi\u00f3n","description":"Tours y Excursiones en Santiago y alrededores","publisher":{"@id":"https:\/\/booking.santiagoregion.com\/en\/#organization"},"potentialAction":[{"@type":"SearchAction","target":{"@type":"EntryPoint","urlTemplate":"https:\/\/booking.santiagoregion.com\/en\/?s={search_term_string}"},"query-input":{"@type":"PropertyValueSpecification","valueRequired":true,"valueName":"search_term_string"}}],"inLanguage":"en-US"},{"@type":["Organization","Place"],"@id":"https:\/\/booking.santiagoregion.com\/en\/#organization","name":"Santiago Regi\u00f3n Chile","url":"https:\/\/booking.santiagoregion.com\/en\/","logo":{"@id":"https:\/\/booking.santiagoregion.com\/en\/producto\/private-city-tour-2-options-concha-y-toro-winery-bahai-temple\/#local-main-organization-logo"},"image":{"@id":"https:\/\/booking.santiagoregion.com\/en\/producto\/private-city-tour-2-options-concha-y-toro-winery-bahai-temple\/#local-main-organization-logo"},"telephone":[],"openingHoursSpecification":[{"@type":"OpeningHoursSpecification","dayOfWeek":["Monday","Tuesday","Wednesday","Thursday","Friday","Saturday","Sunday"],"opens":"09:00","closes":"17:00"}]},{"@type":"ImageObject","inLanguage":"en-US","@id":"https:\/\/booking.santiagoregion.com\/en\/producto\/private-city-tour-2-options-concha-y-toro-winery-bahai-temple\/#local-main-organization-logo","url":"https:\/\/booking.santiagoregion.com\/wp-content\/uploads\/2020\/12\/cropped-logo.png","contentUrl":"https:\/\/booking.santiagoregion.com\/wp-content\/uploads\/2020\/12\/cropped-logo.png","width":512,"height":512,"caption":"Santiago Regi\u00f3n Chile"}]},"product_price_currency":"CLP","og_availability":"instock","product_availability":"instock","product_condition":"new","geo.region":"Chile"},"_links":{"self":[{"href":"https:\/\/booking.santiagoregion.com\/en\/wp-json\/wp\/v2\/product\/3891","targetHints":{"allow":["GET"]}}],"collection":[{"href":"https:\/\/booking.santiagoregion.com\/en\/wp-json\/wp\/v2\/product"}],"about":[{"href":"https:\/\/booking.santiagoregion.com\/en\/wp-json\/wp\/v2\/types\/product"}],"wp:featuredmedia":[{"embeddable":true,"href":"https:\/\/booking.santiagoregion.com\/en\/wp-json\/wp\/v2\/media\/3887"}],"wp:attachment":[{"href":"https:\/\/booking.santiagoregion.com\/en\/wp-json\/wp\/v2\/media?parent=3891"}],"wp:term":[{"taxonomy":"product_brand","embeddable":true,"href":"https:\/\/booking.santiagoregion.com\/en\/wp-json\/wp\/v2\/product_brand?post=3891"},{"taxonomy":"product_cat","embeddable":true,"href":"https:\/\/booking.santiagoregion.com\/en\/wp-json\/wp\/v2\/product_cat?post=3891"},{"taxonomy":"product_tag","embeddable":true,"href":"https:\/\/booking.santiagoregion.com\/en\/wp-json\/wp\/v2\/product_tag?post=3891"}],"curies":[{"name":"wp","href":"https:\/\/api.w.org\/{rel}","templated":true}]}}