{"id":1259,"date":"2022-10-20T11:37:25","date_gmt":"2022-10-20T14:37:25","guid":{"rendered":"https:\/\/booking.santiagoregion.com\/tours-y-excursiones-chile\/excursion-to-the-natural-monument-el-morado-natural-pools-banos-morales\/"},"modified":"2024-09-11T13:31:44","modified_gmt":"2024-09-11T16:31:44","slug":"tour-monument-natural-el-morado-chile","status":"publish","type":"product","link":"https:\/\/booking.santiagoregion.com\/en\/producto\/tour-monument-natural-el-morado-chile\/","title":{"rendered":"Excursion to the natural monument El Morado + natural pools Ba\u00f1os Morales"},"content":{"rendered":"<h1>Caj\u00f3n del Maipo Tour: El Morado Natural Monument + Ba\u00f1os Morales Natural Pools<\/h1>\n<h4>5 &#8211; 6 hour hike to El Morado Natural Monument + Private transportation + Natural wells Ba\u00f1os Morales + Options: a la carte lunch &#8211; Asado.<\/h4>\n<h2>Enjoy a healthy day of mountaineering and medicinal baths.<\/h2>\n<p>A 5-hour hike to the <strong>San Francisco glacier<\/strong>, where you will enjoy beautiful landscapes, <strong>river<\/strong> springs,<strong> endemic flora and fauna<\/strong> and the El Morado lagoon. This beautiful circuit takes place in the <strong>El Morado Natural Monument<\/strong>, an area protected by the National Forestry Corporation.<\/p>\n<p>One of the most characteristic mountain areas of the Caj\u00f3n del Maipo and of great tourist interest for its rich natural architecture, its diverse flora and fauna and the interesting activities that can be developed here. This protected area, administered by CONAF (National Forestry Corporation), is located 93 km from Santiago in the town of Ba\u00f1os Morales and has an area of 3,009 hectares, in which its Andean flora consists of at least <strong>300 native and exotic species<\/strong>where the <strong>olivillo de la cordillera or franjel<\/strong>species <strong>in danger of extinction, <\/strong>that inhabits the Andean sclerophyllous scrublands. Other common species are white grass, cloth grass, seven shirts, chili pepper and foxtail.<\/p>\n<p>The Park also has a <strong>rich wildlife<\/strong> with <strong>mammals<\/strong> such as the <strong>cururo<\/strong> and <strong>Noah&#8217;s silky mouse<\/strong>, and <strong>birds<\/strong> such as the yal, the cometocino, the golden chirihue, the black goldfinch, the<strong> cordilleran goldfinch<\/strong>, the tench, the thrush, the chilean swallow, the friar sleeper, the <strong>giant hummingbird<\/strong>, the <strong>cordilleran hummingbird, the cordilleran picaflor<\/strong>, the cordilleran turtledoves, the partridge and the cushion partridge.<\/p>\n<p>In <strong>aquatic environments<\/strong>, the <strong>piuqu\u00e9n<\/strong> or guayata and the <strong>juarjual duck<\/strong> are found. It is recommended to visit this extraordinary place between the months of October and March, since due to its unfavorable weather conditions (temperatures below zero and snow up to 2.8 meters high) the park is closed the rest of the year.<\/p>\n<p>After crossing the bridge over the Morales River, arriving at Ba\u00f1os Morales, you will find the CONAF nursery. The first section of the hike reaches the <strong>Aguas Panim\u00e1vidas<\/strong> sector (2.8 km), lasts approximately 1 hour and is uphill but quite pleasant. At this stop you will be able to observe the <strong>permanent mineral springs<\/strong>. Continuing the hike and after traveling 5 km (2 hours approx.) you will find El Morado Lagoon, located at 2,400 meters above sea level. From here you can see Cerro Morado to the north and to the northwest Cerro San Francisco and its glacier (also called <strong>San Francisco Glacier<\/strong>).<\/p>\n<p>If you are not tired yet, you can continue walking 1 Km. along a path of wild flowers, ice in midsummer, stones and rocks until you reach the foot of the San Francisco glacier and observe it from close by listening to the sound of the flow of the Morado river and in the absolute tranquility that the landscape transmits.<\/p>\n<h3><b>Practical information private tour El Morado<\/b><\/h3>\n<p>Season: all year long if the weather allows the excursion<\/p>\n<p>Duraci\u00f3n: 10 hours<\/p>\n<p>Capacity: M\u00ednimum<span class=\"Apple-converted-space\">\u00a0 <\/span>person. Maximum<span class=\"Apple-converted-space\">\u00a0 <\/span>persons<\/p>\n<p>Difficulty: for all the family<\/p>\n<p>Includes:<span class=\"Apple-converted-space\">\u00a0<\/span><\/p>\n<h2><b>Price Tour\u00a0El Morado Natural Monument from Santiago<\/b><\/h2>\n<p>1 person $210.000 CLP or US $ 247.05 per person<\/p>\n<p>2 persons $170.000 CLP or US $ 200 per person<\/p>\n<p>3 persons $120.000 CLP or US $ 141.17 per person<\/p>\n<p>4 persons or more \u00a0$95.000 CLP or US $ 111.76 per person<\/p>\n<p>Includes: Private transportation, Tour Guide, Monumento El Morado tickets. itinerary<\/p>\n<p><strong>Additional Services \u00a0\u00a0\u00a0\u00a0\u00a0\u00a0\u00a0\u00a0\u00a0<\/strong><\/p>\n<p>Horseback: $32.000 CLP or US $ 37.64 per person<\/p>\n<p>A la carte lunch in restaurant \u00a0$22000 or US $ 25.88 per person<span class=\"Apple-converted-space\">\u00a0<\/span><\/p>\n<p>Country Barbecue 6 people max.<span class=\"Apple-converted-space\">\u00a0 <\/span>$23000 or US $ 27.05 per person<\/p>\n<p>Restaurant buffet lunch <span class=\"Apple-converted-space\">\u00a0\u00a0<\/span>$30000 or US $ 35.29 per person<\/p>\n<p>For purchasing the park tickets every passenger must provide the following information<\/p>\n<p>Name:<\/p>\n<p>Date of birth:<\/p>\n<p>Dni \/ passport:<\/p>\n<p>Country and originary address:<\/p>\n<h2>Itinerary Private tour Trekking Monumento Natural El Morado<\/h2>\n<p>07:00 am Hotel Pick up<\/p>\n<p>9:30 am arrival to Ba\u00f1os Morales<\/p>\n<p>10:00 am trekking starts<\/p>\n<p>11:30 am Stop at \u201cAguas de Panim\u00e1vidas\u201d Mineral water tributaries<\/p>\n<p>12:00 am Stop at Laguna el Morado in this place we\u00b4ll have the snacks<\/p>\n<p>13:00 pm last Stop of the trekking \u00a0at \u201cGlaciar San Francisco&#8221; (at present is only possible to get to \u201cEl Morado\u201d lagoon owing to rock sliding in the rest of the glacier route)<\/p>\n<p>13:30 pm Return<\/p>\n<p>15:20 pm Back in Ba\u00f1os Morales visit to \u00a0\u201cTermas de Ba\u00f1os Morales&#8221; (available between October to February).<\/p>\n<p>15:30 pm relaxing time to enjoy a bath at natural pools in Ba\u00f1os Morales.<\/p>\n<p>16:30 pm Return to Santiago.<\/p>\n<p>Caj\u00f3n del Maipo is a natural area with a very diverse and special climate. Tours may be modified or some of the points described may be reached when road or weather conditions do not allow it. This will be evaluated by the guide according to his experience.<\/p>\n","protected":false},"excerpt":{"rendered":"<p>Caj\u00f3n del Maipo Tour: El Morado Natural Monument + Ba\u00f1os Morales Natural Pools 5 &#8211; 6 hour hike to El Morado Natural Monument + Private transportation + Natural wells Ba\u00f1os Morales + Options: a la carte lunch &#8211; Asado. Enjoy a healthy day of mountaineering and medicinal baths. A 5-hour hike to the San Francisco [&hellip;]<\/p>\n","protected":false},"featured_media":1250,"template":"","meta":[],"product_brand":[],"product_cat":[52,54,50],"product_tag":[],"class_list":{"0":"post-1259","1":"product","2":"type-product","3":"status-publish","4":"has-post-thumbnail","6":"product_cat-el-maipo-en","7":"product_cat-full-day-tour-en","8":"product_cat-private-tour","10":"first","11":"instock","12":"sold-individually","13":"taxable","14":"shipping-taxable","15":"purchasable","16":"product-type-booking"},"yoast_head":"<!-- This site is optimized with the Yoast SEO Premium plugin v18.5 (Yoast SEO v25.2) - https:\/\/yoast.com\/wordpress\/plugins\/seo\/ -->\n<title>Excursion to the natural monument El Morado + natural pools Ba\u00f1os Morales<\/title>\n<meta name=\"description\" content=\"08:00 am Pick up at the Hotel. 10:00 am Arrival at Ba\u00f1os Morales. 10:30 am Start of trekking. 11:30 am Stop at Aguas de Panim\u00e1vidas, tributaries of mineral waters. 12:00 am Stop at Laguna el Morado where the snack is consumed. 13:00 pm You will arrive at the end of the San Francisco Glacier trek. 13:30 pm Return15:20 pm Arrival at Ba\u00f1os Morales hot springs15:30 pm On the way back you will enjoy a relaxing bath in the Ba\u00f1os Morales natural pools16:30 pm Return to Santiago\" \/>\n<meta name=\"robots\" content=\"index, follow, max-snippet:-1, max-image-preview:large, max-video-preview:-1\" \/>\n<link rel=\"canonical\" href=\"https:\/\/booking.santiagoregion.com\/en\/producto\/tour-monument-natural-el-morado-chile\/\" \/>\n<meta property=\"og:locale\" content=\"en_US\" \/>\n<meta property=\"og:type\" content=\"article\" \/>\n<meta property=\"og:title\" content=\"Excursion to the natural monument El Morado + natural pools Ba\u00f1os Morales\" \/>\n<meta property=\"og:description\" content=\"08:00 am Pick up at the Hotel. 10:00 am Arrival at Ba\u00f1os Morales. 10:30 am Start of trekking. 11:30 am Stop at Aguas de Panim\u00e1vidas, tributaries of mineral waters. 12:00 am Stop at Laguna el Morado where the snack is consumed. 13:00 pm You will arrive at the end of the San Francisco Glacier trek. 13:30 pm Return15:20 pm Arrival at Ba\u00f1os Morales hot springs15:30 pm On the way back you will enjoy a relaxing bath in the Ba\u00f1os Morales natural pools16:30 pm Return to Santiago\" \/>\n<meta property=\"og:url\" content=\"https:\/\/booking.santiagoregion.com\/en\/producto\/tour-monument-natural-el-morado-chile\/\" \/>\n<meta property=\"og:site_name\" content=\"Booking Santiago Regi\u00f3n\" \/>\n<meta property=\"article:modified_time\" content=\"2024-09-11T16:31:44+00:00\" \/>\n<meta property=\"og:image\" content=\"https:\/\/booking.santiagoregion.com\/wp-content\/uploads\/2022\/10\/foto_4578_.jpg\" \/>\n\t<meta property=\"og:image:width\" content=\"1280\" \/>\n\t<meta property=\"og:image:height\" content=\"640\" \/>\n\t<meta property=\"og:image:type\" content=\"image\/jpeg\" \/>\n<meta name=\"twitter:card\" content=\"summary_large_image\" \/>\n<script type=\"application\/ld+json\" class=\"yoast-schema-graph\">{\"@context\":\"https:\/\/schema.org\",\"@graph\":[{\"@type\":\"WebPage\",\"@id\":\"https:\/\/booking.santiagoregion.com\/en\/producto\/tour-monument-natural-el-morado-chile\/\",\"url\":\"https:\/\/booking.santiagoregion.com\/en\/producto\/tour-monument-natural-el-morado-chile\/\",\"name\":\"Excursion to the natural monument El Morado + natural pools Ba\u00f1os Morales\",\"isPartOf\":{\"@id\":\"https:\/\/booking.santiagoregion.com\/en\/#website\"},\"primaryImageOfPage\":{\"@id\":\"https:\/\/booking.santiagoregion.com\/en\/producto\/tour-monument-natural-el-morado-chile\/#primaryimage\"},\"image\":{\"@id\":\"https:\/\/booking.santiagoregion.com\/en\/producto\/tour-monument-natural-el-morado-chile\/#primaryimage\"},\"thumbnailUrl\":\"https:\/\/booking.santiagoregion.com\/wp-content\/uploads\/2022\/10\/foto_4578_.jpg\",\"datePublished\":\"2022-10-20T14:37:25+00:00\",\"dateModified\":\"2024-09-11T16:31:44+00:00\",\"description\":\"08:00 am Pick up at the Hotel. 10:00 am Arrival at Ba\u00f1os Morales. 10:30 am Start of trekking. 11:30 am Stop at Aguas de Panim\u00e1vidas, tributaries of mineral waters. 12:00 am Stop at Laguna el Morado where the snack is consumed. 13:00 pm You will arrive at the end of the San Francisco Glacier trek. 13:30 pm Return15:20 pm Arrival at Ba\u00f1os Morales hot springs15:30 pm On the way back you will enjoy a relaxing bath in the Ba\u00f1os Morales natural pools16:30 pm Return to Santiago\",\"breadcrumb\":{\"@id\":\"https:\/\/booking.santiagoregion.com\/en\/producto\/tour-monument-natural-el-morado-chile\/#breadcrumb\"},\"inLanguage\":\"en-US\",\"potentialAction\":[{\"@type\":\"ReadAction\",\"target\":[\"https:\/\/booking.santiagoregion.com\/en\/producto\/tour-monument-natural-el-morado-chile\/\"]}]},{\"@type\":\"ImageObject\",\"inLanguage\":\"en-US\",\"@id\":\"https:\/\/booking.santiagoregion.com\/en\/producto\/tour-monument-natural-el-morado-chile\/#primaryimage\",\"url\":\"https:\/\/booking.santiagoregion.com\/wp-content\/uploads\/2022\/10\/foto_4578_.jpg\",\"contentUrl\":\"https:\/\/booking.santiagoregion.com\/wp-content\/uploads\/2022\/10\/foto_4578_.jpg\",\"width\":1280,\"height\":640},{\"@type\":\"BreadcrumbList\",\"@id\":\"https:\/\/booking.santiagoregion.com\/en\/producto\/tour-monument-natural-el-morado-chile\/#breadcrumb\",\"itemListElement\":[{\"@type\":\"ListItem\",\"position\":1,\"name\":\"Portada\",\"item\":\"https:\/\/booking.santiagoregion.com\/en\/\"},{\"@type\":\"ListItem\",\"position\":2,\"name\":\"Products\",\"item\":\"https:\/\/booking.santiagoregion.com\/en\/shop\/\"},{\"@type\":\"ListItem\",\"position\":3,\"name\":\"Excursion to the natural monument El Morado + natural pools Ba\u00f1os Morales\"}]},{\"@type\":\"WebSite\",\"@id\":\"https:\/\/booking.santiagoregion.com\/en\/#website\",\"url\":\"https:\/\/booking.santiagoregion.com\/en\/\",\"name\":\"Booking Santiago Regi\u00f3n\",\"description\":\"Tours y Excursiones en Santiago y alrededores\",\"publisher\":{\"@id\":\"https:\/\/booking.santiagoregion.com\/en\/#organization\"},\"potentialAction\":[{\"@type\":\"SearchAction\",\"target\":{\"@type\":\"EntryPoint\",\"urlTemplate\":\"https:\/\/booking.santiagoregion.com\/en\/?s={search_term_string}\"},\"query-input\":{\"@type\":\"PropertyValueSpecification\",\"valueRequired\":true,\"valueName\":\"search_term_string\"}}],\"inLanguage\":\"en-US\"},{\"@type\":[\"Organization\",\"Place\"],\"@id\":\"https:\/\/booking.santiagoregion.com\/en\/#organization\",\"name\":\"Santiago Regi\u00f3n Chile\",\"url\":\"https:\/\/booking.santiagoregion.com\/en\/\",\"logo\":{\"@id\":\"https:\/\/booking.santiagoregion.com\/en\/producto\/tour-monument-natural-el-morado-chile\/#local-main-organization-logo\"},\"image\":{\"@id\":\"https:\/\/booking.santiagoregion.com\/en\/producto\/tour-monument-natural-el-morado-chile\/#local-main-organization-logo\"},\"telephone\":[],\"openingHoursSpecification\":[{\"@type\":\"OpeningHoursSpecification\",\"dayOfWeek\":[\"Monday\",\"Tuesday\",\"Wednesday\",\"Thursday\",\"Friday\",\"Saturday\",\"Sunday\"],\"opens\":\"09:00\",\"closes\":\"17:00\"}]},{\"@type\":\"ImageObject\",\"inLanguage\":\"en-US\",\"@id\":\"https:\/\/booking.santiagoregion.com\/en\/producto\/tour-monument-natural-el-morado-chile\/#local-main-organization-logo\",\"url\":\"https:\/\/booking.santiagoregion.com\/wp-content\/uploads\/2020\/12\/cropped-logo.png\",\"contentUrl\":\"https:\/\/booking.santiagoregion.com\/wp-content\/uploads\/2020\/12\/cropped-logo.png\",\"width\":512,\"height\":512,\"caption\":\"Santiago Regi\u00f3n Chile\"}]}<\/script>\n<meta property=\"product:price:amount\" content=\"0\" \/>\n<meta property=\"product:price:currency\" content=\"CLP\" \/>\n<meta property=\"og:availability\" content=\"instock\" \/>\n<meta property=\"product:availability\" content=\"instock\" \/>\n<meta property=\"product:condition\" content=\"new\" \/>\n<meta name=\"geo.region\" content=\"Chile\" \/>\n<!-- \/ Yoast SEO Premium plugin. -->","yoast_head_json":{"title":"Excursion to the natural monument El Morado + natural pools Ba\u00f1os Morales","description":"08:00 am Pick up at the Hotel. 10:00 am Arrival at Ba\u00f1os Morales. 10:30 am Start of trekking. 11:30 am Stop at Aguas de Panim\u00e1vidas, tributaries of mineral waters. 12:00 am Stop at Laguna el Morado where the snack is consumed. 13:00 pm You will arrive at the end of the San Francisco Glacier trek. 13:30 pm Return15:20 pm Arrival at Ba\u00f1os Morales hot springs15:30 pm On the way back you will enjoy a relaxing bath in the Ba\u00f1os Morales natural pools16:30 pm Return to Santiago","robots":{"index":"index","follow":"follow","max-snippet":"max-snippet:-1","max-image-preview":"max-image-preview:large","max-video-preview":"max-video-preview:-1"},"canonical":"https:\/\/booking.santiagoregion.com\/en\/producto\/tour-monument-natural-el-morado-chile\/","og_locale":"en_US","og_type":"article","og_title":"Excursion to the natural monument El Morado + natural pools Ba\u00f1os Morales","og_description":"08:00 am Pick up at the Hotel. 10:00 am Arrival at Ba\u00f1os Morales. 10:30 am Start of trekking. 11:30 am Stop at Aguas de Panim\u00e1vidas, tributaries of mineral waters. 12:00 am Stop at Laguna el Morado where the snack is consumed. 13:00 pm You will arrive at the end of the San Francisco Glacier trek. 13:30 pm Return15:20 pm Arrival at Ba\u00f1os Morales hot springs15:30 pm On the way back you will enjoy a relaxing bath in the Ba\u00f1os Morales natural pools16:30 pm Return to Santiago","og_url":"https:\/\/booking.santiagoregion.com\/en\/producto\/tour-monument-natural-el-morado-chile\/","og_site_name":"Booking Santiago Regi\u00f3n","article_modified_time":"2024-09-11T16:31:44+00:00","og_image":[{"width":1280,"height":640,"url":"https:\/\/booking.santiagoregion.com\/wp-content\/uploads\/2022\/10\/foto_4578_.jpg","type":"image\/jpeg"}],"twitter_card":"summary_large_image","schema":{"@context":"https:\/\/schema.org","@graph":[{"@type":"WebPage","@id":"https:\/\/booking.santiagoregion.com\/en\/producto\/tour-monument-natural-el-morado-chile\/","url":"https:\/\/booking.santiagoregion.com\/en\/producto\/tour-monument-natural-el-morado-chile\/","name":"Excursion to the natural monument El Morado + natural pools Ba\u00f1os Morales","isPartOf":{"@id":"https:\/\/booking.santiagoregion.com\/en\/#website"},"primaryImageOfPage":{"@id":"https:\/\/booking.santiagoregion.com\/en\/producto\/tour-monument-natural-el-morado-chile\/#primaryimage"},"image":{"@id":"https:\/\/booking.santiagoregion.com\/en\/producto\/tour-monument-natural-el-morado-chile\/#primaryimage"},"thumbnailUrl":"https:\/\/booking.santiagoregion.com\/wp-content\/uploads\/2022\/10\/foto_4578_.jpg","datePublished":"2022-10-20T14:37:25+00:00","dateModified":"2024-09-11T16:31:44+00:00","description":"08:00 am Pick up at the Hotel. 10:00 am Arrival at Ba\u00f1os Morales. 10:30 am Start of trekking. 11:30 am Stop at Aguas de Panim\u00e1vidas, tributaries of mineral waters. 12:00 am Stop at Laguna el Morado where the snack is consumed. 13:00 pm You will arrive at the end of the San Francisco Glacier trek. 13:30 pm Return15:20 pm Arrival at Ba\u00f1os Morales hot springs15:30 pm On the way back you will enjoy a relaxing bath in the Ba\u00f1os Morales natural pools16:30 pm Return to Santiago","breadcrumb":{"@id":"https:\/\/booking.santiagoregion.com\/en\/producto\/tour-monument-natural-el-morado-chile\/#breadcrumb"},"inLanguage":"en-US","potentialAction":[{"@type":"ReadAction","target":["https:\/\/booking.santiagoregion.com\/en\/producto\/tour-monument-natural-el-morado-chile\/"]}]},{"@type":"ImageObject","inLanguage":"en-US","@id":"https:\/\/booking.santiagoregion.com\/en\/producto\/tour-monument-natural-el-morado-chile\/#primaryimage","url":"https:\/\/booking.santiagoregion.com\/wp-content\/uploads\/2022\/10\/foto_4578_.jpg","contentUrl":"https:\/\/booking.santiagoregion.com\/wp-content\/uploads\/2022\/10\/foto_4578_.jpg","width":1280,"height":640},{"@type":"BreadcrumbList","@id":"https:\/\/booking.santiagoregion.com\/en\/producto\/tour-monument-natural-el-morado-chile\/#breadcrumb","itemListElement":[{"@type":"ListItem","position":1,"name":"Portada","item":"https:\/\/booking.santiagoregion.com\/en\/"},{"@type":"ListItem","position":2,"name":"Products","item":"https:\/\/booking.santiagoregion.com\/en\/shop\/"},{"@type":"ListItem","position":3,"name":"Excursion to the natural monument El Morado + natural pools Ba\u00f1os Morales"}]},{"@type":"WebSite","@id":"https:\/\/booking.santiagoregion.com\/en\/#website","url":"https:\/\/booking.santiagoregion.com\/en\/","name":"Booking Santiago Regi\u00f3n","description":"Tours y Excursiones en Santiago y alrededores","publisher":{"@id":"https:\/\/booking.santiagoregion.com\/en\/#organization"},"potentialAction":[{"@type":"SearchAction","target":{"@type":"EntryPoint","urlTemplate":"https:\/\/booking.santiagoregion.com\/en\/?s={search_term_string}"},"query-input":{"@type":"PropertyValueSpecification","valueRequired":true,"valueName":"search_term_string"}}],"inLanguage":"en-US"},{"@type":["Organization","Place"],"@id":"https:\/\/booking.santiagoregion.com\/en\/#organization","name":"Santiago Regi\u00f3n Chile","url":"https:\/\/booking.santiagoregion.com\/en\/","logo":{"@id":"https:\/\/booking.santiagoregion.com\/en\/producto\/tour-monument-natural-el-morado-chile\/#local-main-organization-logo"},"image":{"@id":"https:\/\/booking.santiagoregion.com\/en\/producto\/tour-monument-natural-el-morado-chile\/#local-main-organization-logo"},"telephone":[],"openingHoursSpecification":[{"@type":"OpeningHoursSpecification","dayOfWeek":["Monday","Tuesday","Wednesday","Thursday","Friday","Saturday","Sunday"],"opens":"09:00","closes":"17:00"}]},{"@type":"ImageObject","inLanguage":"en-US","@id":"https:\/\/booking.santiagoregion.com\/en\/producto\/tour-monument-natural-el-morado-chile\/#local-main-organization-logo","url":"https:\/\/booking.santiagoregion.com\/wp-content\/uploads\/2020\/12\/cropped-logo.png","contentUrl":"https:\/\/booking.santiagoregion.com\/wp-content\/uploads\/2020\/12\/cropped-logo.png","width":512,"height":512,"caption":"Santiago Regi\u00f3n Chile"}]},"product_price_currency":"CLP","og_availability":"instock","product_availability":"instock","product_condition":"new","geo.region":"Chile"},"_links":{"self":[{"href":"https:\/\/booking.santiagoregion.com\/en\/wp-json\/wp\/v2\/product\/1259","targetHints":{"allow":["GET"]}}],"collection":[{"href":"https:\/\/booking.santiagoregion.com\/en\/wp-json\/wp\/v2\/product"}],"about":[{"href":"https:\/\/booking.santiagoregion.com\/en\/wp-json\/wp\/v2\/types\/product"}],"wp:featuredmedia":[{"embeddable":true,"href":"https:\/\/booking.santiagoregion.com\/en\/wp-json\/wp\/v2\/media\/1250"}],"wp:attachment":[{"href":"https:\/\/booking.santiagoregion.com\/en\/wp-json\/wp\/v2\/media?parent=1259"}],"wp:term":[{"taxonomy":"product_brand","embeddable":true,"href":"https:\/\/booking.santiagoregion.com\/en\/wp-json\/wp\/v2\/product_brand?post=1259"},{"taxonomy":"product_cat","embeddable":true,"href":"https:\/\/booking.santiagoregion.com\/en\/wp-json\/wp\/v2\/product_cat?post=1259"},{"taxonomy":"product_tag","embeddable":true,"href":"https:\/\/booking.santiagoregion.com\/en\/wp-json\/wp\/v2\/product_tag?post=1259"}],"curies":[{"name":"wp","href":"https:\/\/api.w.org\/{rel}","templated":true}]}}