{"id":1256,"date":"2022-05-17T07:21:51","date_gmt":"2022-05-17T11:21:51","guid":{"rendered":"https:\/\/booking.santiagoregion.com\/tours-y-excursiones-chile\/private-tour-valparaiso-vina-del-mar-and-tasting-in-a-casablanca-vineyard\/"},"modified":"2025-06-19T14:38:59","modified_gmt":"2025-06-19T18:38:59","slug":"private-tour-valparaiso-vina-del-mar-and-cata-in-a-vina-from-casablanca","status":"publish","type":"product","link":"https:\/\/booking.santiagoregion.com\/en\/producto\/private-tour-valparaiso-vina-del-mar-and-cata-in-a-vina-from-casablanca\/","title":{"rendered":"Private Tour Valpara\u00edso, Vi\u00f1a del Mar and Tasting in a Casablanca vineyard"},"content":{"rendered":"<h2>The best of Valpara\u00edso, Vi\u00f1a del Mar and the Casablanca Valley in a single day<\/h2>\n<h2>Heritage, Gastronomy, Art, Culture, Beaches&#8230; And wine tasting!<\/h2>\n<p>On the way to Valpara\u00edso we will stop in Rio Tinto, where you can have breakfast or buy some wine from the different wine valleys of Chile. . Once in Valpara\u00edso, declared a World Heritage City by UNESCO, you will visit its most important attractions such as La Sebastiana, Pablo Neruda&#8217;s House Museum, Sotomayor square, its most emblematic monuments and buildings, Paseo 21 de Mayo, Cerro Artiller\u00eda and Cerro Alegre.<\/p>\n<p>We will have lunch in Re\u00f1aca, the most touristic beach of the resort, then we will visit the headquarters of the famous international song festival that takes place in the amphitheater of the Quinta Vergara. Vi\u00f1a del Mar is known as the garden city and one of the most touristic cities in the country. Later, we will take a walk to visit the beaches and take a picture at the Flores clock. On the way back to Santiago we will make a last stop in the Casablanca Valley to visit a vineyard and taste the wines of the area.<\/p>\n<h3>Practical information<\/h3>\n<h4>Season: All year round.<\/h4>\n<h4>Workday: 10 hours.<\/h4>\n<h4>Capacity: Minimum 2 persons. Maximum 48 people.<\/h4>\n<h4>Degree of difficulty: For the whole family.<\/h4>\n<h4>Includes: Private transportation, guide, entrance to Pablo Neruda&#8217;s house museum, lunch (up to 15,000 Clp per person) and wine tasting in a vineyard in the Casablanca Valley. Visit to all<\/h4>\n<h4>Itinerary:<\/h4>\n<p>7:30 a.m. Pick up at the hotel or airport at the time of arrival.<\/p>\n<p>8:30 a.m. Visit to a wine cooperative in the Casablanca Valley. All the vineyards in one place! with tasting of local products.<\/p>\n<p>09:45 h Camino la polvora, faro del Angel lookout point<\/p>\n<p>10:20 a.m. Cerro Artilleria and Paseo 21 de Mayo.<\/p>\n<p>10:50 a.m. SotoMayor Square, Prat Pier, visit the Yugoslavian promenade by the Peral elevator (Cerro Concepci\u00f3n).<\/p>\n<p>12:00 h Visit to Pablo Neruda&#8217;s House (ticket included, only Wednesday to Saturday this attraction is open).<\/p>\n<p>13:00 h descent through Cerro Alegre, stopping at 7 esquinas sector.<\/p>\n<p>1:50 p.m. Lunch in Re\u00f1aca, the beach resort par excellence in the area.<\/p>\n<p>13:50 h Stop for lunch. (Optional)<\/p>\n<p>2:50 p.m. Walk along the beach, visit to the most important places in Vi\u00f1a del Mar.<\/p>\n<p>15:10 h Departure from Vi\u00f1a del Mar<\/p>\n<p>16:00 Arrival at Vi\u00f1a de Casablanca, where you will enjoy a local wine, inside the vineyard.<\/p>\n<p>18:20 h Arrival in Santiago<\/p>\n","protected":false},"excerpt":{"rendered":"<p>The best of Valpara\u00edso, Vi\u00f1a del Mar and the Casablanca Valley in a single day Heritage, Gastronomy, Art, Culture, Beaches&#8230; And wine tasting! On the way to Valpara\u00edso we will stop in Rio Tinto, where you can have breakfast or buy some wine from the different wine valleys of Chile. . Once in Valpara\u00edso, declared [&hellip;]<\/p>\n","protected":false},"featured_media":1239,"template":"","meta":[],"product_brand":[],"product_cat":[54,50,56],"product_tag":[],"class_list":{"0":"post-1256","1":"product","2":"type-product","3":"status-publish","4":"has-post-thumbnail","6":"product_cat-full-day-tour-en","7":"product_cat-private-tour","8":"product_cat-valparaiso-and-villa-del-mar","10":"first","11":"instock","12":"virtual","13":"sold-individually","14":"taxable","15":"purchasable","16":"product-type-booking"},"yoast_head":"<!-- This site is optimized with the Yoast SEO Premium plugin v18.5 (Yoast SEO v25.2) - https:\/\/yoast.com\/wordpress\/plugins\/seo\/ -->\n<title>Private Tour Valpara\u00edso, Vi\u00f1a del Mar and Tasting in a Casablanca vineyard<\/title>\n<meta name=\"description\" content=\"Tour to Valparaiso from Santiago with guide. The best of Valpara\u00edso, Vi\u00f1a del Mar and the Casablanca Valley in a single day\" \/>\n<meta name=\"robots\" content=\"index, follow, max-snippet:-1, max-image-preview:large, max-video-preview:-1\" \/>\n<link rel=\"canonical\" href=\"https:\/\/booking.santiagoregion.com\/en\/producto\/private-tour-valparaiso-vina-del-mar-and-cata-in-a-vina-from-casablanca\/\" \/>\n<meta property=\"og:locale\" content=\"en_US\" \/>\n<meta property=\"og:type\" content=\"article\" \/>\n<meta property=\"og:title\" content=\"Private Tour Valpara\u00edso, Vi\u00f1a del Mar and Tasting in a Casablanca vineyard\" \/>\n<meta property=\"og:description\" content=\"Tour to Valparaiso from Santiago with guide. The best of Valpara\u00edso, Vi\u00f1a del Mar and the Casablanca Valley in a single day\" \/>\n<meta property=\"og:url\" content=\"https:\/\/booking.santiagoregion.com\/en\/producto\/private-tour-valparaiso-vina-del-mar-and-cata-in-a-vina-from-casablanca\/\" \/>\n<meta property=\"og:site_name\" content=\"Booking Santiago Regi\u00f3n\" \/>\n<meta property=\"article:modified_time\" content=\"2025-06-19T18:38:59+00:00\" \/>\n<meta property=\"og:image\" content=\"https:\/\/booking.santiagoregion.com\/wp-content\/uploads\/2022\/05\/tour-por-valparaiso.jpeg\" \/>\n\t<meta property=\"og:image:width\" content=\"1280\" \/>\n\t<meta property=\"og:image:height\" content=\"640\" \/>\n\t<meta property=\"og:image:type\" content=\"image\/jpeg\" \/>\n<meta name=\"twitter:card\" content=\"summary_large_image\" \/>\n<script type=\"application\/ld+json\" class=\"yoast-schema-graph\">{\"@context\":\"https:\/\/schema.org\",\"@graph\":[{\"@type\":\"WebPage\",\"@id\":\"https:\/\/booking.santiagoregion.com\/en\/producto\/private-tour-valparaiso-vina-del-mar-and-cata-in-a-vina-from-casablanca\/\",\"url\":\"https:\/\/booking.santiagoregion.com\/en\/producto\/private-tour-valparaiso-vina-del-mar-and-cata-in-a-vina-from-casablanca\/\",\"name\":\"Private Tour Valpara\u00edso, Vi\u00f1a del Mar and Tasting in a Casablanca vineyard\",\"isPartOf\":{\"@id\":\"https:\/\/booking.santiagoregion.com\/en\/#website\"},\"primaryImageOfPage\":{\"@id\":\"https:\/\/booking.santiagoregion.com\/en\/producto\/private-tour-valparaiso-vina-del-mar-and-cata-in-a-vina-from-casablanca\/#primaryimage\"},\"image\":{\"@id\":\"https:\/\/booking.santiagoregion.com\/en\/producto\/private-tour-valparaiso-vina-del-mar-and-cata-in-a-vina-from-casablanca\/#primaryimage\"},\"thumbnailUrl\":\"https:\/\/booking.santiagoregion.com\/wp-content\/uploads\/2022\/05\/tour-por-valparaiso.jpeg\",\"datePublished\":\"2022-05-17T11:21:51+00:00\",\"dateModified\":\"2025-06-19T18:38:59+00:00\",\"description\":\"Tour to Valparaiso from Santiago with guide. The best of Valpara\u00edso, Vi\u00f1a del Mar and the Casablanca Valley in a single day\",\"breadcrumb\":{\"@id\":\"https:\/\/booking.santiagoregion.com\/en\/producto\/private-tour-valparaiso-vina-del-mar-and-cata-in-a-vina-from-casablanca\/#breadcrumb\"},\"inLanguage\":\"en-US\",\"potentialAction\":[{\"@type\":\"ReadAction\",\"target\":[\"https:\/\/booking.santiagoregion.com\/en\/producto\/private-tour-valparaiso-vina-del-mar-and-cata-in-a-vina-from-casablanca\/\"]}]},{\"@type\":\"ImageObject\",\"inLanguage\":\"en-US\",\"@id\":\"https:\/\/booking.santiagoregion.com\/en\/producto\/private-tour-valparaiso-vina-del-mar-and-cata-in-a-vina-from-casablanca\/#primaryimage\",\"url\":\"https:\/\/booking.santiagoregion.com\/wp-content\/uploads\/2022\/05\/tour-por-valparaiso.jpeg\",\"contentUrl\":\"https:\/\/booking.santiagoregion.com\/wp-content\/uploads\/2022\/05\/tour-por-valparaiso.jpeg\",\"width\":1280,\"height\":640,\"caption\":\"tour to valparaiso from santiago\"},{\"@type\":\"BreadcrumbList\",\"@id\":\"https:\/\/booking.santiagoregion.com\/en\/producto\/private-tour-valparaiso-vina-del-mar-and-cata-in-a-vina-from-casablanca\/#breadcrumb\",\"itemListElement\":[{\"@type\":\"ListItem\",\"position\":1,\"name\":\"Portada\",\"item\":\"https:\/\/booking.santiagoregion.com\/en\/\"},{\"@type\":\"ListItem\",\"position\":2,\"name\":\"Products\",\"item\":\"https:\/\/booking.santiagoregion.com\/en\/shop\/\"},{\"@type\":\"ListItem\",\"position\":3,\"name\":\"Private Tour Valpara\u00edso, Vi\u00f1a del Mar and Tasting in a Casablanca vineyard\"}]},{\"@type\":\"WebSite\",\"@id\":\"https:\/\/booking.santiagoregion.com\/en\/#website\",\"url\":\"https:\/\/booking.santiagoregion.com\/en\/\",\"name\":\"Booking Santiago Regi\u00f3n\",\"description\":\"Tours y Excursiones en Santiago y alrededores\",\"publisher\":{\"@id\":\"https:\/\/booking.santiagoregion.com\/en\/#organization\"},\"potentialAction\":[{\"@type\":\"SearchAction\",\"target\":{\"@type\":\"EntryPoint\",\"urlTemplate\":\"https:\/\/booking.santiagoregion.com\/en\/?s={search_term_string}\"},\"query-input\":{\"@type\":\"PropertyValueSpecification\",\"valueRequired\":true,\"valueName\":\"search_term_string\"}}],\"inLanguage\":\"en-US\"},{\"@type\":[\"Organization\",\"Place\"],\"@id\":\"https:\/\/booking.santiagoregion.com\/en\/#organization\",\"name\":\"Santiago Regi\u00f3n Chile\",\"url\":\"https:\/\/booking.santiagoregion.com\/en\/\",\"logo\":{\"@id\":\"https:\/\/booking.santiagoregion.com\/en\/producto\/private-tour-valparaiso-vina-del-mar-and-cata-in-a-vina-from-casablanca\/#local-main-organization-logo\"},\"image\":{\"@id\":\"https:\/\/booking.santiagoregion.com\/en\/producto\/private-tour-valparaiso-vina-del-mar-and-cata-in-a-vina-from-casablanca\/#local-main-organization-logo\"},\"telephone\":[],\"openingHoursSpecification\":[{\"@type\":\"OpeningHoursSpecification\",\"dayOfWeek\":[\"Monday\",\"Tuesday\",\"Wednesday\",\"Thursday\",\"Friday\",\"Saturday\",\"Sunday\"],\"opens\":\"09:00\",\"closes\":\"17:00\"}]},{\"@type\":\"ImageObject\",\"inLanguage\":\"en-US\",\"@id\":\"https:\/\/booking.santiagoregion.com\/en\/producto\/private-tour-valparaiso-vina-del-mar-and-cata-in-a-vina-from-casablanca\/#local-main-organization-logo\",\"url\":\"https:\/\/booking.santiagoregion.com\/wp-content\/uploads\/2020\/12\/cropped-logo.png\",\"contentUrl\":\"https:\/\/booking.santiagoregion.com\/wp-content\/uploads\/2020\/12\/cropped-logo.png\",\"width\":512,\"height\":512,\"caption\":\"Santiago Regi\u00f3n Chile\"}]}<\/script>\n<meta property=\"product:price:amount\" content=\"0\" \/>\n<meta property=\"product:price:currency\" content=\"CLP\" \/>\n<meta property=\"og:availability\" content=\"instock\" \/>\n<meta property=\"product:availability\" content=\"instock\" \/>\n<meta property=\"product:condition\" content=\"new\" \/>\n<meta name=\"geo.region\" content=\"Chile\" \/>\n<!-- \/ Yoast SEO Premium plugin. -->","yoast_head_json":{"title":"Private Tour Valpara\u00edso, Vi\u00f1a del Mar and Tasting in a Casablanca vineyard","description":"Tour to Valparaiso from Santiago with guide. The best of Valpara\u00edso, Vi\u00f1a del Mar and the Casablanca Valley in a single day","robots":{"index":"index","follow":"follow","max-snippet":"max-snippet:-1","max-image-preview":"max-image-preview:large","max-video-preview":"max-video-preview:-1"},"canonical":"https:\/\/booking.santiagoregion.com\/en\/producto\/private-tour-valparaiso-vina-del-mar-and-cata-in-a-vina-from-casablanca\/","og_locale":"en_US","og_type":"article","og_title":"Private Tour Valpara\u00edso, Vi\u00f1a del Mar and Tasting in a Casablanca vineyard","og_description":"Tour to Valparaiso from Santiago with guide. The best of Valpara\u00edso, Vi\u00f1a del Mar and the Casablanca Valley in a single day","og_url":"https:\/\/booking.santiagoregion.com\/en\/producto\/private-tour-valparaiso-vina-del-mar-and-cata-in-a-vina-from-casablanca\/","og_site_name":"Booking Santiago Regi\u00f3n","article_modified_time":"2025-06-19T18:38:59+00:00","og_image":[{"width":1280,"height":640,"url":"https:\/\/booking.santiagoregion.com\/wp-content\/uploads\/2022\/05\/tour-por-valparaiso.jpeg","type":"image\/jpeg"}],"twitter_card":"summary_large_image","schema":{"@context":"https:\/\/schema.org","@graph":[{"@type":"WebPage","@id":"https:\/\/booking.santiagoregion.com\/en\/producto\/private-tour-valparaiso-vina-del-mar-and-cata-in-a-vina-from-casablanca\/","url":"https:\/\/booking.santiagoregion.com\/en\/producto\/private-tour-valparaiso-vina-del-mar-and-cata-in-a-vina-from-casablanca\/","name":"Private Tour Valpara\u00edso, Vi\u00f1a del Mar and Tasting in a Casablanca vineyard","isPartOf":{"@id":"https:\/\/booking.santiagoregion.com\/en\/#website"},"primaryImageOfPage":{"@id":"https:\/\/booking.santiagoregion.com\/en\/producto\/private-tour-valparaiso-vina-del-mar-and-cata-in-a-vina-from-casablanca\/#primaryimage"},"image":{"@id":"https:\/\/booking.santiagoregion.com\/en\/producto\/private-tour-valparaiso-vina-del-mar-and-cata-in-a-vina-from-casablanca\/#primaryimage"},"thumbnailUrl":"https:\/\/booking.santiagoregion.com\/wp-content\/uploads\/2022\/05\/tour-por-valparaiso.jpeg","datePublished":"2022-05-17T11:21:51+00:00","dateModified":"2025-06-19T18:38:59+00:00","description":"Tour to Valparaiso from Santiago with guide. The best of Valpara\u00edso, Vi\u00f1a del Mar and the Casablanca Valley in a single day","breadcrumb":{"@id":"https:\/\/booking.santiagoregion.com\/en\/producto\/private-tour-valparaiso-vina-del-mar-and-cata-in-a-vina-from-casablanca\/#breadcrumb"},"inLanguage":"en-US","potentialAction":[{"@type":"ReadAction","target":["https:\/\/booking.santiagoregion.com\/en\/producto\/private-tour-valparaiso-vina-del-mar-and-cata-in-a-vina-from-casablanca\/"]}]},{"@type":"ImageObject","inLanguage":"en-US","@id":"https:\/\/booking.santiagoregion.com\/en\/producto\/private-tour-valparaiso-vina-del-mar-and-cata-in-a-vina-from-casablanca\/#primaryimage","url":"https:\/\/booking.santiagoregion.com\/wp-content\/uploads\/2022\/05\/tour-por-valparaiso.jpeg","contentUrl":"https:\/\/booking.santiagoregion.com\/wp-content\/uploads\/2022\/05\/tour-por-valparaiso.jpeg","width":1280,"height":640,"caption":"tour to valparaiso from santiago"},{"@type":"BreadcrumbList","@id":"https:\/\/booking.santiagoregion.com\/en\/producto\/private-tour-valparaiso-vina-del-mar-and-cata-in-a-vina-from-casablanca\/#breadcrumb","itemListElement":[{"@type":"ListItem","position":1,"name":"Portada","item":"https:\/\/booking.santiagoregion.com\/en\/"},{"@type":"ListItem","position":2,"name":"Products","item":"https:\/\/booking.santiagoregion.com\/en\/shop\/"},{"@type":"ListItem","position":3,"name":"Private Tour Valpara\u00edso, Vi\u00f1a del Mar and Tasting in a Casablanca vineyard"}]},{"@type":"WebSite","@id":"https:\/\/booking.santiagoregion.com\/en\/#website","url":"https:\/\/booking.santiagoregion.com\/en\/","name":"Booking Santiago Regi\u00f3n","description":"Tours y Excursiones en Santiago y alrededores","publisher":{"@id":"https:\/\/booking.santiagoregion.com\/en\/#organization"},"potentialAction":[{"@type":"SearchAction","target":{"@type":"EntryPoint","urlTemplate":"https:\/\/booking.santiagoregion.com\/en\/?s={search_term_string}"},"query-input":{"@type":"PropertyValueSpecification","valueRequired":true,"valueName":"search_term_string"}}],"inLanguage":"en-US"},{"@type":["Organization","Place"],"@id":"https:\/\/booking.santiagoregion.com\/en\/#organization","name":"Santiago Regi\u00f3n Chile","url":"https:\/\/booking.santiagoregion.com\/en\/","logo":{"@id":"https:\/\/booking.santiagoregion.com\/en\/producto\/private-tour-valparaiso-vina-del-mar-and-cata-in-a-vina-from-casablanca\/#local-main-organization-logo"},"image":{"@id":"https:\/\/booking.santiagoregion.com\/en\/producto\/private-tour-valparaiso-vina-del-mar-and-cata-in-a-vina-from-casablanca\/#local-main-organization-logo"},"telephone":[],"openingHoursSpecification":[{"@type":"OpeningHoursSpecification","dayOfWeek":["Monday","Tuesday","Wednesday","Thursday","Friday","Saturday","Sunday"],"opens":"09:00","closes":"17:00"}]},{"@type":"ImageObject","inLanguage":"en-US","@id":"https:\/\/booking.santiagoregion.com\/en\/producto\/private-tour-valparaiso-vina-del-mar-and-cata-in-a-vina-from-casablanca\/#local-main-organization-logo","url":"https:\/\/booking.santiagoregion.com\/wp-content\/uploads\/2020\/12\/cropped-logo.png","contentUrl":"https:\/\/booking.santiagoregion.com\/wp-content\/uploads\/2020\/12\/cropped-logo.png","width":512,"height":512,"caption":"Santiago Regi\u00f3n Chile"}]},"product_price_currency":"CLP","og_availability":"instock","product_availability":"instock","product_condition":"new","geo.region":"Chile"},"_links":{"self":[{"href":"https:\/\/booking.santiagoregion.com\/en\/wp-json\/wp\/v2\/product\/1256","targetHints":{"allow":["GET"]}}],"collection":[{"href":"https:\/\/booking.santiagoregion.com\/en\/wp-json\/wp\/v2\/product"}],"about":[{"href":"https:\/\/booking.santiagoregion.com\/en\/wp-json\/wp\/v2\/types\/product"}],"wp:featuredmedia":[{"embeddable":true,"href":"https:\/\/booking.santiagoregion.com\/en\/wp-json\/wp\/v2\/media\/1239"}],"wp:attachment":[{"href":"https:\/\/booking.santiagoregion.com\/en\/wp-json\/wp\/v2\/media?parent=1256"}],"wp:term":[{"taxonomy":"product_brand","embeddable":true,"href":"https:\/\/booking.santiagoregion.com\/en\/wp-json\/wp\/v2\/product_brand?post=1256"},{"taxonomy":"product_cat","embeddable":true,"href":"https:\/\/booking.santiagoregion.com\/en\/wp-json\/wp\/v2\/product_cat?post=1256"},{"taxonomy":"product_tag","embeddable":true,"href":"https:\/\/booking.santiagoregion.com\/en\/wp-json\/wp\/v2\/product_tag?post=1256"}],"curies":[{"name":"wp","href":"https:\/\/api.w.org\/{rel}","templated":true}]}}